{"id":7,"date":"2020-09-11T09:09:13","date_gmt":"2020-09-11T07:09:13","guid":{"rendered":"https:\/\/lochmatter-bringhen.ch\/?page_id=7"},"modified":"2024-10-11T16:41:19","modified_gmt":"2024-10-11T14:41:19","slug":"home","status":"publish","type":"page","link":"https:\/\/lochmatter-bringhen.ch\/","title":{"rendered":""},"content":{"rendered":"\n<p><\/p>\n\n\n\n<h1 class=\"has-white-color has-neve-button-color-background-color has-text-color has-background\"><strong>Zusammenhalt leben <\/strong><\/h1>\n\n\n\n<h3 class=\"has-neve-button-color-background-color has-text-color has-background\" style=\"color:#375c9b\"><strong>\u2013 living cohesion \u2013 coesione abitativa \u2013 viver a coes\u00e3o f\u00fcr Visp<\/strong><\/h3>\n\n\n\n<div class=\"wp-block-image\"><figure class=\"aligncenter size-large\"><img loading=\"lazy\" width=\"683\" height=\"1024\" src=\"https:\/\/lochmatter-bringhen.ch\/wp-content\/uploads\/2024\/09\/AW_8789-683x1024.jpeg\" alt=\"\" class=\"wp-image-78\" srcset=\"https:\/\/lochmatter-bringhen.ch\/wp-content\/uploads\/2024\/09\/AW_8789-683x1024.jpeg 683w, https:\/\/lochmatter-bringhen.ch\/wp-content\/uploads\/2024\/09\/AW_8789-200x300.jpeg 200w, https:\/\/lochmatter-bringhen.ch\/wp-content\/uploads\/2024\/09\/AW_8789-768x1151.jpeg 768w, https:\/\/lochmatter-bringhen.ch\/wp-content\/uploads\/2024\/09\/AW_8789-1025x1536.jpeg 1025w, https:\/\/lochmatter-bringhen.ch\/wp-content\/uploads\/2024\/09\/AW_8789-1366x2048.jpeg 1366w, https:\/\/lochmatter-bringhen.ch\/wp-content\/uploads\/2024\/09\/AW_8789-scaled.jpeg 1708w\" sizes=\"(max-width: 683px) 100vw, 683px\" \/><\/figure><\/div>\n\n\n\n<div class=\"wp-block-media-text alignwide is-stacked-on-mobile\"><figure class=\"wp-block-media-text__media\"><video controls src=\"https:\/\/lochmatter-bringhen.ch\/wp-content\/uploads\/2024\/10\/4a52cd79-64ab-4ca0-8639-7ca869ee6c96.mp4\"><\/video><\/figure><div class=\"wp-block-media-text__content\">\n<p class=\"has-large-font-size\">Qualit\u00e4t Alter<\/p>\n\n\n\n<p>In meiner Amtszeit als Gemeinderat konnte ich mit meinem Team das Projekt &#8222;Visp Silver&#8220; ins Leben rufen. Der Generationen 60+ sollen auch weiterhin moderne, neue und spannende Angebote und Hilfestellungen zur Verf\u00fcgung gestellt werden. <\/p>\n<\/div><\/div>\n\n\n\n<div class=\"wp-block-media-text alignwide is-stacked-on-mobile\"><figure class=\"wp-block-media-text__media\"><video controls src=\"https:\/\/lochmatter-bringhen.ch\/wp-content\/uploads\/2024\/10\/5db77a70-6fc1-4fcf-9498-9a863fad63b8-1.mp4\"><\/video><\/figure><div class=\"wp-block-media-text__content\">\n<p class=\"has-large-font-size\">Gestalte Zukunft<\/p>\n\n\n\n<p>In den letzten vier Jahren konnte ich mit meinem Ressort erreichen, dass die Kita in Visp viele neue Pl\u00e4tze schaffen konnte. Heute ist es bereits die gr\u00f6sste Kita im Oberwallis. Durch die nun folgende Realisierung des KITA-Campus kann nochmals ein Quantensprung in der Kinderbetreuung erreicht werden. <\/p>\n<\/div><\/div>\n\n\n\n<div class=\"wp-block-media-text alignwide is-stacked-on-mobile\"><figure class=\"wp-block-media-text__media\"><video controls src=\"https:\/\/lochmatter-bringhen.ch\/wp-content\/uploads\/2024\/10\/2165a403-b13c-44d6-b7bd-9633a697702f.mp4\"><\/video><\/figure><div class=\"wp-block-media-text__content\">\n<p class=\"has-large-font-size\">Verbundenheit<\/p>\n\n\n\n<p>Als &#8222;Lochmatti&#8220; liegen die Wurzeln meiner Familie beim Lochmatter-Turm in Visp. Doch nicht nur das &#8211; seit meiner Hochzeit vor 10 Jahren spielt sich mein Leben haupts\u00e4chlich in Visp ab. Hier lebe ich, hier wachsen meine Kinder auf und hier arbeite ich als Standortleiter des traditionellen Familienunternehmens meiner Schwiegerfamilie, der Bringhen AG. Unsere Gemeinde fasziniert mich mit ihrem reichhaltigen Angebot und vielen M\u00f6glichkeiten, daraus eine nachhaltige Heimat f\u00fcr uns alle zu schaffen. <\/p>\n<\/div><\/div>\n\n\n\n<p><\/p>\n","protected":false},"excerpt":{"rendered":"<p>Zusammenhalt leben \u2013 living cohesion \u2013 coesione abitativa \u2013 viver a coes\u00e3o f\u00fcr Visp Qualit\u00e4t Alter In meiner Amtszeit als Gemeinderat konnte ich mit meinem Team das Projekt &#8222;Visp Silver&#8220; ins Leben rufen. Der Generationen 60+ sollen auch weiterhin moderne, neue und spannende Angebote und Hilfestellungen zur Verf\u00fcgung gestellt werden. Gestalte Zukunft In den letzten&hellip;&nbsp;<a href=\"https:\/\/lochmatter-bringhen.ch\/\" class=\"\" rel=\"bookmark\">Weiterlesen &raquo;<span class=\"screen-reader-text\"><\/span><\/a><\/p>\n","protected":false},"author":2,"featured_media":0,"parent":0,"menu_order":0,"comment_status":"closed","ping_status":"closed","template":"","meta":{"neve_meta_sidebar":"","neve_meta_container":"","neve_meta_enable_content_width":"","neve_meta_content_width":0,"neve_meta_title_alignment":"","neve_meta_author_avatar":"","neve_post_elements_order":"","neve_meta_disable_header":"","neve_meta_disable_footer":"","neve_meta_disable_title":""},"_links":{"self":[{"href":"https:\/\/lochmatter-bringhen.ch\/index.php?rest_route=\/wp\/v2\/pages\/7"}],"collection":[{"href":"https:\/\/lochmatter-bringhen.ch\/index.php?rest_route=\/wp\/v2\/pages"}],"about":[{"href":"https:\/\/lochmatter-bringhen.ch\/index.php?rest_route=\/wp\/v2\/types\/page"}],"author":[{"embeddable":true,"href":"https:\/\/lochmatter-bringhen.ch\/index.php?rest_route=\/wp\/v2\/users\/2"}],"replies":[{"embeddable":true,"href":"https:\/\/lochmatter-bringhen.ch\/index.php?rest_route=%2Fwp%2Fv2%2Fcomments&post=7"}],"version-history":[{"count":9,"href":"https:\/\/lochmatter-bringhen.ch\/index.php?rest_route=\/wp\/v2\/pages\/7\/revisions"}],"predecessor-version":[{"id":100,"href":"https:\/\/lochmatter-bringhen.ch\/index.php?rest_route=\/wp\/v2\/pages\/7\/revisions\/100"}],"wp:attachment":[{"href":"https:\/\/lochmatter-bringhen.ch\/index.php?rest_route=%2Fwp%2Fv2%2Fmedia&parent=7"}],"curies":[{"name":"wp","href":"https:\/\/api.w.org\/{rel}","templated":true}]}}